{"id":76358,"date":"2024-09-18T07:04:06","date_gmt":"2024-09-18T05:04:06","guid":{"rendered":"https:\/\/nostimo.store\/si\/izdelek\/elektricna-ponev-za-palacinke-flipmaster\/"},"modified":"2024-09-18T07:04:06","modified_gmt":"2024-09-18T05:04:06","slug":"elektricna-ponev-za-palacinke-flipmaster","status":"publish","type":"product","link":"https:\/\/nostimo.store\/si\/izdelek\/elektricna-ponev-za-palacinke-flipmaster\/","title":{"rendered":"Elektri\u010dna ponev za pala\u010dinke FlipMaster"},"content":{"rendered":"<div class=\"smania_landing_description_title\">NOVO! Elektri\u010dna ponev za popolne pala\u010dinke<\/div>\n<div class=\"smania_landing_description_txt\">IDEALNA TUDI ZA PRIPRAVO JAJC, SLANINE IN DRUGIH SPECIALITET!<\/div>\n<div class=\"smania_landing_description_subtitle\">Ste pripravljeni na popolno zape\u010dene pala\u010dinke, ki se ne prijemajo? S ponvijo FlipMaster boste hitro in enostavno pripravili okusne pala\u010dinke. Zahvaljujo\u010d povr\u0161ini s premazom proti prijemanju in enakomerni porazdelitvi toplote, bo vsaka pala\u010dinka prava mojstrovina.<\/div>\n<div class=\"smania_landing_description_list\">\n<ul>\n<li>Poseben premaz proti prijemanju omogo\u010da gladko obra\u010danje pala\u010dink<\/li>\n<li>Enakomerna porazdelitev toplote za popolno zape\u010dene pala\u010dinke<\/li>\n<li>Hitro dose\u017ee visoko temperaturo, kar pospe\u0161i pripravo va\u0161ih najljub\u0161ih jedi<\/li>\n<li>Ve\u010d kot le pala\u010dinke: idealna tudi za pripravo jajc, slanine in mnogo ve\u010d<\/li>\n<li>Popolna tudi za na pot, potovanja in kampiranje<\/li>\n<\/ul><\/div>\n","protected":false},"excerpt":{"rendered":"<p>Kompaktna in priro\u010dna: popolna tudi za potovanja, kampiranje|Brez prijemanja hrane, kar omogo\u010da preprosto obra\u010danje pala\u010dink|Zagotavlja enakomerno zape\u010dene slastne pala\u010dinke|Odli\u010dna tudi za pripravo drugih jedi|Premer ponve: 20 cm|Mo\u010d: 600 W|Napetost: 220 V|Vsebina paketa: 1 x ponev za pala\u010dinke<\/p>\n","protected":false},"featured_media":76349,"template":"","meta":[],"product_cat":[907],"product_tag":[],"acf":[],"_links":{"self":[{"href":"https:\/\/nostimo.store\/si\/wp-json\/wp\/v2\/product\/76358"}],"collection":[{"href":"https:\/\/nostimo.store\/si\/wp-json\/wp\/v2\/product"}],"about":[{"href":"https:\/\/nostimo.store\/si\/wp-json\/wp\/v2\/types\/product"}],"wp:featuredmedia":[{"embeddable":true,"href":"https:\/\/nostimo.store\/si\/wp-json\/wp\/v2\/media\/76349"}],"wp:attachment":[{"href":"https:\/\/nostimo.store\/si\/wp-json\/wp\/v2\/media?parent=76358"}],"wp:term":[{"taxonomy":"product_cat","embeddable":true,"href":"https:\/\/nostimo.store\/si\/wp-json\/wp\/v2\/product_cat?post=76358"},{"taxonomy":"product_tag","embeddable":true,"href":"https:\/\/nostimo.store\/si\/wp-json\/wp\/v2\/product_tag?post=76358"}],"curies":[{"name":"wp","href":"https:\/\/api.w.org\/{rel}","templated":true}]}}