{"id":23778,"date":"2023-12-04T11:47:47","date_gmt":"2023-12-04T10:47:47","guid":{"rendered":"https:\/\/nostimo.store\/si\/izdelek\/zig-za-meso-na-zaru-sizzler\/"},"modified":"2023-12-04T11:47:47","modified_gmt":"2023-12-04T10:47:47","slug":"zig-za-meso-na-zaru-sizzler","status":"publish","type":"product","link":"https:\/\/nostimo.store\/si\/izdelek\/zig-za-meso-na-zaru-sizzler\/","title":{"rendered":"\u017dig za meso na \u017earu Sizzler"},"content":{"rendered":"<div class=\"smania_landing_description_title\">NOVO! \u017dig za meso na \u017earu Sizzler<\/div>\n<div class=\"smania_landing_description_txt\">Presenetite svoje goste s personaliziranimi zrezki!<\/div>\n<div class=\"smania_landing_description_subtitle\">Popestrite svoj naslednji piknik z na\u0161im visokokakovostnim \u017eigom za meso Sizzler. S 55 \u010drkami in 8 presledki lahko na svoje zrezke, burgerje, pi\u0161\u010danca in celo zelenjavo preprosto dodate edinstvena sporo\u010dila, imena ali \u0161ale. Priskrbite si svoj \u017eig za meso Sizzler zdaj in postanite pravi mojster \u017eara!<\/div>\n<div class=\"smania_landing_description_list\">\n<ul>\n<li>Edinstvena sporo\u010dila, imena in \u0161ale<\/li>\n<li>Enostavno spreminjanje napisov<\/li>\n<li>Popestri zabavo z \u017earom<\/li>\n<li>Idealen za zrezke, burgerje, pi\u0161\u010danca in celo zelenjavo<\/li>\n<li>Izdelan iz visokokakovostnih in vzdr\u017eljivih materialov<\/li>\n<\/ul><\/div>\n","protected":false},"excerpt":{"rendered":"<p>Lesen ro\u010daj, odporen na vro\u010dino|Lahek in prenosen|Odli\u010dno darilo za ljubitelje in mojstre \u017eara|Vklju\u010duje 55 \u010drk in 8 presledkov|Enostavna uporaba in \u010di\u0161\u010denje|Trpe\u017een z dolgo \u017eivljenjsko dobo|Material: aluminijeva zlitina, les|Velikost \u017eiga za meso: 43,5 \u00d7 8,7 cm<\/p>\n","protected":false},"featured_media":23768,"template":"","meta":[],"product_cat":[906],"product_tag":[],"acf":[],"_links":{"self":[{"href":"https:\/\/nostimo.store\/si\/wp-json\/wp\/v2\/product\/23778"}],"collection":[{"href":"https:\/\/nostimo.store\/si\/wp-json\/wp\/v2\/product"}],"about":[{"href":"https:\/\/nostimo.store\/si\/wp-json\/wp\/v2\/types\/product"}],"wp:featuredmedia":[{"embeddable":true,"href":"https:\/\/nostimo.store\/si\/wp-json\/wp\/v2\/media\/23768"}],"wp:attachment":[{"href":"https:\/\/nostimo.store\/si\/wp-json\/wp\/v2\/media?parent=23778"}],"wp:term":[{"taxonomy":"product_cat","embeddable":true,"href":"https:\/\/nostimo.store\/si\/wp-json\/wp\/v2\/product_cat?post=23778"},{"taxonomy":"product_tag","embeddable":true,"href":"https:\/\/nostimo.store\/si\/wp-json\/wp\/v2\/product_tag?post=23778"}],"curies":[{"name":"wp","href":"https:\/\/api.w.org\/{rel}","templated":true}]}}