{"id":23537,"date":"2023-01-16T08:12:51","date_gmt":"2023-01-16T07:12:51","guid":{"rendered":"https:\/\/nostimo.store\/si\/izdelek\/sashimi-noz-sakimaru\/"},"modified":"2025-06-13T11:45:51","modified_gmt":"2025-06-13T09:45:51","slug":"sashimi-noz-sakimaru","status":"publish","type":"product","link":"https:\/\/nostimo.store\/si\/izdelek\/sashimi-noz-sakimaru\/","title":{"rendered":"Sashimi no\u017e Sakimaru"},"content":{"rendered":"<div class=\"smania_landing_description_title\">Novo! Sashimi no\u017e Sakimaru<\/div>\n<div class=\"smania_landing_description_txt\">Oster in natan\u010den, kot bi moral biti vsak no\u017e!<\/div>\n<div class=\"smania_landing_description_subtitle\">Raz\u0161irite svojo zbirko kuhinjskih pripomo\u010dkov z neverjetnim no\u017eem Sakimaru. Odli\u010den je za obdelavo rib in zelenjave, za pripravo najbolj\u0161ega su\u0161ija, vendar se bo brezhibno izkazal tudi pri drugih kuhinjskih opravilih. <\/div>\n<div class=\"smania_landing_description_list\">\n<ul>\n<li>Debel ro\u010daj iz javorjevega lesa<\/li>\n<li>Mojstrsko izdelano rezilo iz nerjave\u010dega jekla<\/li>\n<li>Neprekosljiva ostrina in uravnote\u017eenost<\/li>\n<li>Odli\u010den za filiranje rib<\/li>\n<li>Izjemna zmogljivost rezanja<\/li>\n<\/ul><\/div>\n","protected":false},"excerpt":{"rendered":"<p>Popolna uravnote\u017eenost in vrhunska ostrina|Ohrani ostrino tudi po dalj\u0161i uporabi|Udoben in debel lesen ro\u010daj|Kot nala\u0161\u010d za pripravo su\u0161ija|Dol\u017eina rezila: 270 mm|Debelina rezila: 3,7 mm|Te\u017ea: 220 g|Material: Nerjave\u010de jeklo 50Cr15Mov<\/p>\n","protected":false},"featured_media":23542,"template":"","meta":[],"product_cat":[905,906],"product_tag":[],"acf":[],"_links":{"self":[{"href":"https:\/\/nostimo.store\/si\/wp-json\/wp\/v2\/product\/23537"}],"collection":[{"href":"https:\/\/nostimo.store\/si\/wp-json\/wp\/v2\/product"}],"about":[{"href":"https:\/\/nostimo.store\/si\/wp-json\/wp\/v2\/types\/product"}],"wp:featuredmedia":[{"embeddable":true,"href":"https:\/\/nostimo.store\/si\/wp-json\/wp\/v2\/media\/23542"}],"wp:attachment":[{"href":"https:\/\/nostimo.store\/si\/wp-json\/wp\/v2\/media?parent=23537"}],"wp:term":[{"taxonomy":"product_cat","embeddable":true,"href":"https:\/\/nostimo.store\/si\/wp-json\/wp\/v2\/product_cat?post=23537"},{"taxonomy":"product_tag","embeddable":true,"href":"https:\/\/nostimo.store\/si\/wp-json\/wp\/v2\/product_tag?post=23537"}],"curies":[{"name":"wp","href":"https:\/\/api.w.org\/{rel}","templated":true}]}}