{"id":22475,"date":"2022-03-03T07:23:01","date_gmt":"2022-03-03T06:23:01","guid":{"rendered":"https:\/\/nostimo.store\/si\/izdelek\/posoda-za-shranjevanje-zivil-neatkeeper\/"},"modified":"2022-03-03T07:37:25","modified_gmt":"2022-03-03T06:37:25","slug":"posoda-za-shranjevanje-zivil-neatkeeper","status":"publish","type":"product","link":"https:\/\/nostimo.store\/si\/izdelek\/posoda-za-shranjevanje-zivil-neatkeeper\/","title":{"rendered":"Posoda za shranjevanje \u017eivil NeatKeeper"},"content":{"rendered":"<div class=\"smania_landing_description_title\">Novo! Posoda za shranjevanje \u017eivil NeatKeeper<\/div>\n<div class=\"smania_landing_description_txt\">Naj postane va\u0161a kuhinja sinonim za urejenost!<\/div>\n<div class=\"smania_landing_description_subtitle\">\u010cvrsta in prostorna posoda za shranjevanje suhe hrane NeatKeeper je priro\u010dna re\u0161itev za organizacijo kuhinjskih omar in predalov. Napolnite jo s svojimi najljub\u0161imi kosmi\u010di, ore\u0161\u010dki, semeni, stro\u010dnicami, \u017eitaricami ali sladkarijami in jih dozirajte v spodnjo posodo s pritiskom na gumb.<\/div>\n<div class=\"smania_landing_description_list\">\n<ul>\n<li>6 razdelkov razli\u010dnih velikosti za shranjevanje va\u0161e najljub\u0161e suhe hrane<\/li>\n<li>Prozorna posoda vam omogo\u010da, da spremljate koli\u010dino preostale hrane<\/li>\n<li>Ohranja kakovost in sve\u017eino hrane, hkrati pa prepre\u010duje vdor \u017eu\u017eelk v posodo<\/li>\n<li>Postavite jo na katerokoli ravno povr\u0161ino ali jo pritrdite na steno<\/li>\n<li>Omogo\u010da hitro in enostavno doziranje suhe hrane<\/li>\n<\/ul>\n<\/div>\n","protected":false},"excerpt":{"rendered":"<p>Ohranja va\u0161o kuhinjo urejeno in lepo organizirano|6 razdelkov razli\u010dnih velikosti|Prepre\u010duje insektom, da vdrejo v posodo|Idealna za shranjevanje kosmi\u010dev, ore\u0161\u010dkov, semen, stro\u010dnic, \u017eitaric, sladkarij, prigrizkov in hrane za hi\u0161ne ljubljen\u010dke|Postavite jo na katerokoli ravno povr\u0161ino ali jo pritrdite na steno|Skupna prostornina: 12 l|Dimenzije: 38 \u00d7 32,4 \u00d7 14,4 cm|Material: plastika PP<\/p>\n","protected":false},"featured_media":22468,"template":"","meta":[],"product_cat":[910],"product_tag":[],"acf":[],"_links":{"self":[{"href":"https:\/\/nostimo.store\/si\/wp-json\/wp\/v2\/product\/22475"}],"collection":[{"href":"https:\/\/nostimo.store\/si\/wp-json\/wp\/v2\/product"}],"about":[{"href":"https:\/\/nostimo.store\/si\/wp-json\/wp\/v2\/types\/product"}],"wp:featuredmedia":[{"embeddable":true,"href":"https:\/\/nostimo.store\/si\/wp-json\/wp\/v2\/media\/22468"}],"wp:attachment":[{"href":"https:\/\/nostimo.store\/si\/wp-json\/wp\/v2\/media?parent=22475"}],"wp:term":[{"taxonomy":"product_cat","embeddable":true,"href":"https:\/\/nostimo.store\/si\/wp-json\/wp\/v2\/product_cat?post=22475"},{"taxonomy":"product_tag","embeddable":true,"href":"https:\/\/nostimo.store\/si\/wp-json\/wp\/v2\/product_tag?post=22475"}],"curies":[{"name":"wp","href":"https:\/\/api.w.org\/{rel}","templated":true}]}}