{"id":22392,"date":"2022-03-03T06:59:53","date_gmt":"2022-03-03T05:59:53","guid":{"rendered":"https:\/\/nostimo.store\/si\/izdelek\/komplet-magnetnih-posodic-za-zacimbe-multispice\/"},"modified":"2024-11-29T14:23:26","modified_gmt":"2024-11-29T13:23:26","slug":"komplet-magnetnih-posodic-za-zacimbe-multispice","status":"publish","type":"product","link":"https:\/\/nostimo.store\/si\/izdelek\/komplet-magnetnih-posodic-za-zacimbe-multispice\/","title":{"rendered":"Komplet magnetnih posodic za za\u010dimbe MultiSpice"},"content":{"rendered":"<div class=\"smania_landing_description_title\">NOVO! Komplet magnetnih posodic za za\u010dimbe MultiSpice<\/div>\n<div class=\"smania_landing_description_txt\">Priro\u010den komplet, s katerim bo va\u0161a kuhinja vedno urejena!<\/div>\n<div class=\"smania_landing_description_subtitle\">Postavite pladenj na kuhinjski pult, ali pa ga prilepite na hladilnik ali zid, in va\u0161e najljub\u0161e za\u010dimbe bodo vedno na dosegu roke. Pripravite okusne obroke v trenutku!<\/div>\n<div class=\"smania_landing_description_list\">\n<ul>\n<li>Mo\u010dno magnetno dno pri vseh posodicah<\/li>\n<li>Nastavljive luknjice za doziranje<\/li>\n<li>Priro\u010dni prozorni pokrov\u010dki<\/li>\n<li>Samolepilne nalepke za hitro namestitev<\/li>\n<li>Visokokakovostno nerjave\u010de jeklo<\/li>\n<\/ul><\/div>\n","protected":false},"excerpt":{"rendered":"<p>Odporen na korozijo in prah|Idealen za za\u010dimbe in zeli\u0161\u010da|Dimenzije kompleta \u0161tirih posodic: 29,7 \u00d7 7,4 cm|Dimenzije kompleta dvanajstih posodic: 30,5 \u00d7 21,6 cm|Premer posamezne posodice: 63 mm|Material: nerjave\u010de jeklo, magnet|Komplet vklju\u010duje: posodice za za\u010dimbe, pladenj, samolepilne pritrdilne nalepke, etikete za za\u010dimbe<\/p>\n","protected":false},"featured_media":23567,"template":"","meta":[],"product_cat":[906,910],"product_tag":[],"acf":[],"_links":{"self":[{"href":"https:\/\/nostimo.store\/si\/wp-json\/wp\/v2\/product\/22392"}],"collection":[{"href":"https:\/\/nostimo.store\/si\/wp-json\/wp\/v2\/product"}],"about":[{"href":"https:\/\/nostimo.store\/si\/wp-json\/wp\/v2\/types\/product"}],"wp:featuredmedia":[{"embeddable":true,"href":"https:\/\/nostimo.store\/si\/wp-json\/wp\/v2\/media\/23567"}],"wp:attachment":[{"href":"https:\/\/nostimo.store\/si\/wp-json\/wp\/v2\/media?parent=22392"}],"wp:term":[{"taxonomy":"product_cat","embeddable":true,"href":"https:\/\/nostimo.store\/si\/wp-json\/wp\/v2\/product_cat?post=22392"},{"taxonomy":"product_tag","embeddable":true,"href":"https:\/\/nostimo.store\/si\/wp-json\/wp\/v2\/product_tag?post=22392"}],"curies":[{"name":"wp","href":"https:\/\/api.w.org\/{rel}","templated":true}]}}