{"id":1725,"date":"2021-05-19T05:40:43","date_gmt":"2021-05-19T05:40:43","guid":{"rendered":"https:\/\/s-mania.si\/?page_id=1725"},"modified":"2023-12-12T10:40:14","modified_gmt":"2023-12-12T09:40:14","slug":"o-nas","status":"publish","type":"page","link":"https:\/\/nostimo.store\/si\/o-nas\/","title":{"rendered":"O nas"},"content":{"rendered":"\n<div class=\"smania_static_side\">\n\n    <div class=\"smania_static_side_left\">\n        <h4>Naslov<\/h4>\n        DFVU d.o.o.\n        <br>\n        Liparjeva ulica 6a\n        <br>\n        1234 Menge\u0161\n        \n        <br><br>\n        <h4>Email<\/h4>\n        <a href=\"mailto:si@nostimo.store\">si@nostimo.store<\/a>\n        \n        <br><br>\n        <h4>Telefon<\/h4>\n        <a href=\"tel:0038680869680\">068 694 914<\/a>\n        \n        <br><br>\n        <h4>Delovni \u010das<\/h4>\n        Od ponedeljka do petka: 7:00&nbsp;do 15:00\n        \n        <br><br>\n        <h4>Podatki o ustanovitvi<\/h4>\n        Registrski organ: AJPES, izpostava Ljubljana\n        <br>\n        Datum vpisa pri registrskem organu: 13.12.2016\n        \n        <br><br>\n        <h4>Identifikacijski podatki<\/h4>\n        Dav\u010dna \u0161tevilka: SI35983175\n        <br>\n        Zavezanec za DDV: DA\n        <br>\n        Mati\u010dna \u0161tevilka: 7193548000\n        <br>\n        Transakcijski ra\u010dun: SI56 6100 0001 5525 391 (DELAVSKA HRANILNICA d.d)\n        <br>\n        BIC: HDELSI22\n    \n    <\/div>\n    \n    <div class=\"smania_static_side_right\">\n    \n        <h3>OBVESTILA<\/h3>\n        <span style=\"color: #808080;\">29.03.2021<\/span>\n        <br>\n        <strong>Obvestilo o neuporabi \u017eiga pri poslovanju dru\u017ebe DFVU d.o.o.<\/strong>\n        <br>\n        <a target=\"_blank\" href=\"https:\/\/s-mania.si\/wp-content\/uploads\/doc\/Sklep-o-neuporabi-%C5%BEiga-2021.pdf\" rel=\"noopener\">Poglej dokument<\/a>\n    \n    <\/div>\n    \n<\/div>\n    \n    <style>\n    \n    #main a {\n        color: #0087DE;\n        text-decoration: none!important;\n        }\n    \n    .smania_static_side {\n    \n        display: flex;\n        flex-direction: row;\n    \n    }\n    \n    .smania_static_side_left {\n    \n        padding-right: 40px;\n        margin-right: 40px;\n        border-right: 1px solid #dcdcdc;\n    \n    }\n    \n    @media only screen and (max-width: 800px) {\n    \n        .smania_static_side {\n    \n            flex-direction: column;\n    \n        }\n    \n        .smania_static_side > div {\n    \n            width: 100%;\n    \n        }\n    \n        .smania_static_side_left {\n    \n            padding-right: 0;\n            margin-right: 0;\n            border-right: none;\n    \n            padding-bottom: 40px;\n            margin-bottom: 40px;\n            border-bottom: 1px solid #dcdcdc;\n    \n        }\n    \n    }\n    \n    <\/style>\n\n\n\n<p><\/p>\n","protected":false},"excerpt":{"rendered":"<p>Naslov DFVU d.o.o. Liparjeva ulica 6a 1234 Menge\u0161 Email si@nostimo.store Telefon 068 694 914 Delovni \u010das Od ponedeljka do petka: 7:00&nbsp;do 15:00 Podatki o ustanovitvi Registrski organ: AJPES, izpostava Ljubljana Datum vpisa pri registrskem organu: 13.12.2016 Identifikacijski podatki Dav\u010dna \u0161tevilka: SI35983175 Zavezanec za DDV: DA Mati\u010dna \u0161tevilka: 7193548000 Transakcijski ra\u010dun: SI56 6100 0001 5525 391 [&hellip;]<\/p>\n","protected":false},"author":1,"featured_media":0,"parent":0,"menu_order":0,"comment_status":"closed","ping_status":"closed","template":"","meta":[],"acf":[],"_links":{"self":[{"href":"https:\/\/nostimo.store\/si\/wp-json\/wp\/v2\/pages\/1725"}],"collection":[{"href":"https:\/\/nostimo.store\/si\/wp-json\/wp\/v2\/pages"}],"about":[{"href":"https:\/\/nostimo.store\/si\/wp-json\/wp\/v2\/types\/page"}],"author":[{"embeddable":true,"href":"https:\/\/nostimo.store\/si\/wp-json\/wp\/v2\/users\/1"}],"replies":[{"embeddable":true,"href":"https:\/\/nostimo.store\/si\/wp-json\/wp\/v2\/comments?post=1725"}],"version-history":[{"count":2,"href":"https:\/\/nostimo.store\/si\/wp-json\/wp\/v2\/pages\/1725\/revisions"}],"predecessor-version":[{"id":23883,"href":"https:\/\/nostimo.store\/si\/wp-json\/wp\/v2\/pages\/1725\/revisions\/23883"}],"wp:attachment":[{"href":"https:\/\/nostimo.store\/si\/wp-json\/wp\/v2\/media?parent=1725"}],"curies":[{"name":"wp","href":"https:\/\/api.w.org\/{rel}","templated":true}]}}