{"id":31092,"date":"2022-12-30T12:13:53","date_gmt":"2022-12-30T11:13:53","guid":{"rendered":"https:\/\/nostimo.store\/hu\/termek\/delislice-kezi-szeletelogep\/"},"modified":"2023-08-30T09:20:58","modified_gmt":"2023-08-30T07:20:58","slug":"delislice-kezi-szeletelogep","status":"publish","type":"product","link":"https:\/\/nostimo.store\/hu\/termek\/delislice-kezi-szeletelogep\/","title":{"rendered":"DeliSlice k\u00e9zi szeletel\u0151g\u00e9p"},"content":{"rendered":"<div class=\"smania_landing_description_title\">\u00daJ! DeliSlice k\u00e9zi szeletel\u0151g\u00e9p<\/div>\n<div class=\"smania_landing_description_txt\">A biztons\u00e1gos \u00e9s gyors szeletel\u00e9s \u00e9rdek\u00e9ben!<\/div>\n<div class=\"smania_landing_description_subtitle\">Felejtse el a vesz\u00e9lyesen forg\u00f3 peng\u00e9vel rendelkez\u0151 elektromos szeletel\u0151g\u00e9peket, \u00e9s rendelje meg a DeliSlice k\u00e9zi szeletel\u0151t! \u00c1ll\u00edtsa be a peng\u00e9t az ide\u00e1lis szeletvastags\u00e1ghoz, \u00e9s minden alkalommal t\u00f6k\u00e9letesen v\u00e1gja fel a h\u00fast vagy a z\u00f6lds\u00e9geket.<\/div>\n<div class=\"smania_landing_description_list\">\n<ul>\n<li>\u00c9les penge a hat\u00e9kony v\u00e1g\u00e1s\u00e9rt<\/li>\n<li>K\u00e9nyelmes \u00e9s ergonomikus foganty\u00fa<\/li>\n<li>A tapad\u00f3korongok maxim\u00e1lis stabilit\u00e1st biztos\u00edtanak<\/li>\n<li>K\u00f6nnyen haszn\u00e1lhat\u00f3 \u00e9s tiszt\u00edthat\u00f3<\/li>\n<li>T\u00f6k\u00e9letes mindenf\u00e9le h\u00fas, sajt \u00e9s z\u00f6lds\u00e9g szeletel\u00e9s\u00e9re<\/li>\n<\/ul><\/div>\n","protected":false},"excerpt":{"rendered":"<p>\u00c1ll\u00edthat\u00f3 szeletvastags\u00e1g|Az alj\u00e1n tapad\u00f3korongok vannak|\u00c9les \u00e9s tart\u00f3s penge|M\u00e9g a fagyasztott h\u00fast \u00e9s a kem\u00e9ny z\u00f6lds\u00e9geket is k\u00f6nnyed\u00e9n felszeleteli|Biztons\u00e1gos \u00e9s k\u00f6nnyen haszn\u00e1lhat\u00f3|A szelet vastags\u00e1ga: 0,3\u201315 mm|S\u00falya: 2,5 kg|Anyaga: rozsdamentes ac\u00e9l<\/p>\n","protected":false},"featured_media":31083,"template":"","meta":[],"product_cat":[2255],"product_tag":[],"acf":[],"_links":{"self":[{"href":"https:\/\/nostimo.store\/hu\/wp-json\/wp\/v2\/product\/31092"}],"collection":[{"href":"https:\/\/nostimo.store\/hu\/wp-json\/wp\/v2\/product"}],"about":[{"href":"https:\/\/nostimo.store\/hu\/wp-json\/wp\/v2\/types\/product"}],"wp:featuredmedia":[{"embeddable":true,"href":"https:\/\/nostimo.store\/hu\/wp-json\/wp\/v2\/media\/31083"}],"wp:attachment":[{"href":"https:\/\/nostimo.store\/hu\/wp-json\/wp\/v2\/media?parent=31092"}],"wp:term":[{"taxonomy":"product_cat","embeddable":true,"href":"https:\/\/nostimo.store\/hu\/wp-json\/wp\/v2\/product_cat?post=31092"},{"taxonomy":"product_tag","embeddable":true,"href":"https:\/\/nostimo.store\/hu\/wp-json\/wp\/v2\/product_tag?post=31092"}],"curies":[{"name":"wp","href":"https:\/\/api.w.org\/{rel}","templated":true}]}}