{"id":30682,"date":"2022-07-20T06:09:22","date_gmt":"2022-07-20T04:09:22","guid":{"rendered":"https:\/\/nostimo.store\/hu\/termek\/multispice-magneses-fuszertarto\/"},"modified":"2024-12-17T21:05:54","modified_gmt":"2024-12-17T20:05:54","slug":"multispice-magneses-fuszertarto","status":"publish","type":"product","link":"https:\/\/nostimo.store\/hu\/termek\/multispice-magneses-fuszertarto\/","title":{"rendered":"MultiSpice m\u00e1gneses f\u0171szertart\u00f3"},"content":{"rendered":"<div class=\"smania_landing_description_title\">\u00daJ! MultiSpice m\u00e1gneses f\u0171zertart\u00f3<\/div>\n<div class=\"smania_landing_description_txt\">Nagyszer\u0171 f\u0171szertart\u00f3 k\u00e9szlet, amely a konyh\u00e1j\u00e1t rendben tartja!<\/div>\n<div class=\"smania_landing_description_subtitle\">Ak\u00e1r a konyhapultj\u00e1ra, ak\u00e1r a h\u0171t\u0151szekr\u00e9ny\u00e9re vagy a falra helyezi, a MultiSpice k\u00e9szlet biztos\u00edtja, hogy a f\u0171szerei mindig k\u00e9zn\u00e9l legyenek. K\u00e9sz\u00edtsen finom \u00e9teleket pillanatok alatt!<\/div>\n<div class=\"smania_landing_description_list\">\n<ul>\n<li>Er\u0151s m\u00e1gneses talp minden ed\u00e9nyen<\/li>\n<li>\u00c1ll\u00edthat\u00f3 f\u0171szerez\u00e9si ny\u00edl\u00e1sok<\/li>\n<li>Praktikus \u00e1tl\u00e1tsz\u00f3 fedelek<\/li>\n<li>\u00d6ntapad\u00f3 matric\u00e1k a gyors r\u00f6gz\u00edt\u00e9shez<\/li>\n<li>Kiv\u00e1l\u00f3 min\u0151s\u00e9g\u0171 rozsdamentes ac\u00e9l<\/li>\n<\/ul><\/div>\n","protected":false},"excerpt":{"rendered":"<p>Rozsda \u00e9s por\u00e1ll\u00f3 anyag|T\u00f6k\u00e9letes minden f\u0171szerhez \u00e9s gy\u00f3gyn\u00f6v\u00e9nyhez|4 \u00fcveges tart\u00f3 m\u00e9retei: 29.7 \u00d7 7.4 cm|12 \u00fcveges tart\u00f3 m\u00e9retei: 30.5 \u00d7 21.6 cm|Egyes \u00fcveg \u00e1tm\u00e9r\u0151je: 63 mm|Anyaga: rozsdamentes ac\u00e9l, m\u00e1gnes|A csomag tartalma: f\u0171szer\u00fcvegek, t\u00e1lca, \u00f6ntapad\u00f3 matric\u00e1k, f\u0171szerc\u00edmk\u00e9k<\/p>\n","protected":false},"featured_media":31142,"template":"","meta":[],"product_cat":[2256,2259],"product_tag":[],"acf":[],"_links":{"self":[{"href":"https:\/\/nostimo.store\/hu\/wp-json\/wp\/v2\/product\/30682"}],"collection":[{"href":"https:\/\/nostimo.store\/hu\/wp-json\/wp\/v2\/product"}],"about":[{"href":"https:\/\/nostimo.store\/hu\/wp-json\/wp\/v2\/types\/product"}],"wp:featuredmedia":[{"embeddable":true,"href":"https:\/\/nostimo.store\/hu\/wp-json\/wp\/v2\/media\/31142"}],"wp:attachment":[{"href":"https:\/\/nostimo.store\/hu\/wp-json\/wp\/v2\/media?parent=30682"}],"wp:term":[{"taxonomy":"product_cat","embeddable":true,"href":"https:\/\/nostimo.store\/hu\/wp-json\/wp\/v2\/product_cat?post=30682"},{"taxonomy":"product_tag","embeddable":true,"href":"https:\/\/nostimo.store\/hu\/wp-json\/wp\/v2\/product_tag?post=30682"}],"curies":[{"name":"wp","href":"https:\/\/api.w.org\/{rel}","templated":true}]}}