{"id":30617,"date":"2022-07-20T06:05:55","date_gmt":"2022-07-20T04:05:55","guid":{"rendered":"https:\/\/nostimo.store\/hu\/termek\/provioli-ravioli-keszito-szett\/"},"modified":"2024-01-19T19:42:51","modified_gmt":"2024-01-19T18:42:51","slug":"provioli-ravioli-keszito-szett","status":"publish","type":"product","link":"https:\/\/nostimo.store\/hu\/termek\/provioli-ravioli-keszito-szett\/","title":{"rendered":"Provioli ravioli k\u00e9sz\u00edt\u0151 szett"},"content":{"rendered":"<div class=\"smania_landing_description_title\">\u00daJ! Provioli ravioli k\u00e9sz\u00edt\u0151 szett <\/div>\n<div class=\"smania_landing_description_txt\">A ravioli k\u00e9sz\u00edt\u00e9se m\u00e9g soha nem volt ilyen egyszer\u0171!<\/div>\n<div class=\"smania_landing_description_subtitle\">T\u00f6bb\u00e9 nem kell \u00f3r\u00e1kat t\u00f6ltenie k\u00f6r\u00f6k kiv\u00e1g\u00e1s\u00e1val \u00e9s a raviolik hajtogat\u00e1s\u00e1val, mik\u00f6zben a t\u00f6ltel\u00e9k a sz\u00e9l\u00e9n kics\u00f6p\u00f6g. A Proviolival t\u00f6k\u00e9letes, egyenletes alak\u00fa raviolit k\u00e9sz\u00edthet minden egyes alkalommal.<\/div>\n<div class=\"smania_landing_description_list\">\n<ul>\n<li>K\u00e9sz\u00edtsen raviolit gyorsan \u00e9s k\u00f6nnyed\u00e9n<\/li>\n<li>Haszn\u00e1lhat\u00f3 s\u00fctik, kekszek, tort\u00e1k, gomb\u00f3cok \u00e9s mini pizz\u00e1k k\u00e9sz\u00edt\u00e9s\u00e9hez is<\/li>\n<li>Mindenki megcsod\u00e1lja majd a t\u00f6k\u00e9letes h\u00e1zi k\u00e9sz\u00edt\u00e9s\u0171 raviolit<\/li>\n<li>Nem lesz t\u00f6bb\u00e9 rendetlens\u00e9g a konyh\u00e1ban<\/li>\n<li>K\u00f6nnyen haszn\u00e1lhat\u00f3 &#8211; csak t\u00f6ltse meg, hajtsa \u00f6ssze \u00e9s nyomja meg<\/li>\n<\/ul><\/div>\n","protected":false},"excerpt":{"rendered":"<p>K\u00e9sz\u00edtsen raviolit gyorsan \u00e9s k\u00f6nnyed\u00e9n|Mindig t\u00f6k\u00e9letes, egyenletes forma|T\u00f6ltse meg, hajtsa \u00f6ssze \u00e9s nyomja meg a t\u00f6k\u00e9letes ravioli\u00e9rt|A f\u0151z\u00e9s sz\u00f3rakoztat\u00f3 tev\u00e9kenys\u00e9g lesz|Takar\u00edtson meg id\u0151t a t\u00e9szta v\u00e1g\u00e1s\u00e1val \u00e9s form\u00e1z\u00e1s\u00e1val|Haszn\u00e1lhat\u00f3 s\u00fctik, kekszek, tort\u00e1k, gomb\u00f3cok \u00e9s mini pizz\u00e1k k\u00e9sz\u00edt\u00e9s\u00e9hez is|Anyaga: rozsdamentes ac\u00e9l|\u00c1tm\u00e9r\u0151: 7.5 \/ 7 cm<\/p>\n","protected":false},"featured_media":30949,"template":"","meta":[],"product_cat":[2256],"product_tag":[],"acf":[],"_links":{"self":[{"href":"https:\/\/nostimo.store\/hu\/wp-json\/wp\/v2\/product\/30617"}],"collection":[{"href":"https:\/\/nostimo.store\/hu\/wp-json\/wp\/v2\/product"}],"about":[{"href":"https:\/\/nostimo.store\/hu\/wp-json\/wp\/v2\/types\/product"}],"wp:featuredmedia":[{"embeddable":true,"href":"https:\/\/nostimo.store\/hu\/wp-json\/wp\/v2\/media\/30949"}],"wp:attachment":[{"href":"https:\/\/nostimo.store\/hu\/wp-json\/wp\/v2\/media?parent=30617"}],"wp:term":[{"taxonomy":"product_cat","embeddable":true,"href":"https:\/\/nostimo.store\/hu\/wp-json\/wp\/v2\/product_cat?post=30617"},{"taxonomy":"product_tag","embeddable":true,"href":"https:\/\/nostimo.store\/hu\/wp-json\/wp\/v2\/product_tag?post=30617"}],"curies":[{"name":"wp","href":"https:\/\/api.w.org\/{rel}","templated":true}]}}