{"id":30557,"date":"2022-07-19T13:59:11","date_gmt":"2022-07-19T11:59:11","guid":{"rendered":"https:\/\/nostimo.store\/hu\/termek\/icycup-italhuto\/"},"modified":"2024-08-03T15:15:17","modified_gmt":"2024-08-03T13:15:17","slug":"icycup-italhuto","status":"publish","type":"product","link":"https:\/\/nostimo.store\/hu\/termek\/icycup-italhuto\/","title":{"rendered":"IcyCup italh\u0171t\u0151"},"content":{"rendered":"<div class=\"smania_landing_description_title\">\u00daJ! IcyCup italh\u0171t\u0151<\/div>\n<div class=\"smania_landing_description_txt\">Hideg italok egyetlen gombnyom\u00e1ssal!<\/div>\n<div class=\"smania_landing_description_subtitle\">Ez a h\u0171t\u0151poh\u00e1r egy hideg\u00edt\u0151 chipet haszn\u00e1l, amely gyorsan leh\u0171ti italait. \u00d6ntse a cs\u00e9sz\u00e9be az ital\u00e1t, vagy helyezzen bele  \u00fcveget ill. Palackot, \u00e9s pillanatok alatt \u00e9lvezheti a hideg italt!<\/div>\n<div class=\"smania_landing_description_list\">\n<ul>\n<li>H\u0171tse le az italokat an\u00e9lk\u00fcl, hogy extra jeget adna hozz\u00e1juk<\/li>\n<li>Szem\u00e9lyes j\u00e9gv\u00f6d\u00f6r \u00e9s mini h\u0171t\u0151szekr\u00e9ny egyben<\/li>\n<li>Kompakt \u00e9s k\u00f6nnyen hordozhat\u00f3<\/li>\n<li>A t\u00f6k\u00e9letes eszk\u00f6sz ny\u00e1rra<\/li>\n<li>Ide\u00e1lis partikhoz \u00e9s \u00f6sszej\u00f6vetelekhez<\/li>\n<\/ul><\/div>\n","protected":false},"excerpt":{"rendered":"<p>H\u0171ti az italokat gyorsan \u00e9s hat\u00e9konyan |Megsz\u00fcnteti a j\u00e9g sz\u00fcks\u00e9gess\u00e9g\u00e9t|Energiatakar\u00e9kos tervez\u00e9s|Kompakt \u00e9s k\u00f6nny\u0171|K\u00f6nnyen haszn\u00e1lhat\u00f3 \u00e9s tiszt\u00edthat\u00f3|Anyag: PP, alum\u00ednium\u00f6tv\u00f6zet|Kapacit\u00e1s: 420 ml|Csomag tartalma: H\u0171t\u0151talp, Alum\u00ednium b\u00f6gre, T\u00e1pegys\u00e9g<\/p>\n","protected":false},"featured_media":30547,"template":"","meta":[],"product_cat":[2256],"product_tag":[],"acf":[],"_links":{"self":[{"href":"https:\/\/nostimo.store\/hu\/wp-json\/wp\/v2\/product\/30557"}],"collection":[{"href":"https:\/\/nostimo.store\/hu\/wp-json\/wp\/v2\/product"}],"about":[{"href":"https:\/\/nostimo.store\/hu\/wp-json\/wp\/v2\/types\/product"}],"wp:featuredmedia":[{"embeddable":true,"href":"https:\/\/nostimo.store\/hu\/wp-json\/wp\/v2\/media\/30547"}],"wp:attachment":[{"href":"https:\/\/nostimo.store\/hu\/wp-json\/wp\/v2\/media?parent=30557"}],"wp:term":[{"taxonomy":"product_cat","embeddable":true,"href":"https:\/\/nostimo.store\/hu\/wp-json\/wp\/v2\/product_cat?post=30557"},{"taxonomy":"product_tag","embeddable":true,"href":"https:\/\/nostimo.store\/hu\/wp-json\/wp\/v2\/product_tag?post=30557"}],"curies":[{"name":"wp","href":"https:\/\/api.w.org\/{rel}","templated":true}]}}